{"id":5320,"date":"2025-11-09T11:09:47","date_gmt":"2025-11-09T11:09:47","guid":{"rendered":"https:\/\/blankh.com\/?page_id=5320"},"modified":"2025-11-09T22:28:41","modified_gmt":"2025-11-09T22:28:41","slug":"the-canvas","status":"publish","type":"page","link":"https:\/\/blankh.com\/fr\/the-canvas\/","title":{"rendered":"Le Canvas (Blog)"},"content":{"rendered":"<div data-elementor-type=\"wp-page\" data-elementor-id=\"5320\" class=\"elementor elementor-5320\">\n\t\t\t\t<div class=\"elementor-element elementor-element-9b3716e e-flex e-con-boxed e-con e-parent\" data-id=\"9b3716e\" data-element_type=\"container\" data-e-type=\"container\">\n\t\t\t\t\t<div class=\"e-con-inner\">\n\t\t\t\t<div class=\"elementor-element elementor-element-e78a2bf elementor-widget elementor-widget-hfe-basic-posts\" data-id=\"e78a2bf\" data-element_type=\"widget\" data-e-type=\"widget\" data-widget_type=\"hfe-basic-posts.default\">\n\t\t\t\t<div class=\"elementor-widget-container\">\n\t\t\t\t\t\n<div class=\"hfe-posts-grid\">\n\t\t\t<article class=\"hfe-post-card\">\n\t\t\t\t\t\t\t<div class=\"hfe-post-image\">\n\t\t\t\t\t<a href=\"https:\/\/blankh.com\/fr\/the-canvas\/benefits-writing-by-hand\/\" rel=\"bookmark\">\n\t\t\t\t\t\t<img loading=\"lazy\" decoding=\"async\" width=\"300\" height=\"167\" src=\"https:\/\/blankh.com\/wp-content\/uploads\/2025\/11\/BLANKH-WRITING-MAGIC_OK-300x167.webp\" class=\"attachment-medium size-medium wp-post-image\" alt=\"Did You Know? Your Brain Remembers More When You Write by Hand.\u200b\" srcset=\"https:\/\/blankh.com\/wp-content\/uploads\/2025\/11\/BLANKH-WRITING-MAGIC_OK-300x167.webp 300w, https:\/\/blankh.com\/wp-content\/uploads\/2025\/11\/BLANKH-WRITING-MAGIC_OK-1024x569.webp 1024w, https:\/\/blankh.com\/wp-content\/uploads\/2025\/11\/BLANKH-WRITING-MAGIC_OK-768x427.webp 768w, https:\/\/blankh.com\/wp-content\/uploads\/2025\/11\/BLANKH-WRITING-MAGIC_OK-1536x853.webp 1536w, https:\/\/blankh.com\/wp-content\/uploads\/2025\/11\/BLANKH-WRITING-MAGIC_OK-18x10.webp 18w, https:\/\/blankh.com\/wp-content\/uploads\/2025\/11\/BLANKH-WRITING-MAGIC_OK-1320x733.webp 1320w, https:\/\/blankh.com\/wp-content\/uploads\/2025\/11\/BLANKH-WRITING-MAGIC_OK-600x333.webp 600w, https:\/\/blankh.com\/wp-content\/uploads\/2025\/11\/BLANKH-WRITING-MAGIC_OK.webp 1800w\" sizes=\"auto, (max-width: 300px) 100vw, 300px\" \/>\t\t\t\t\t<\/a>\n\t\t\t\t<\/div>\n\t\t\t\n\t\t\t<div class=\"hfe-post-content\">\n\t\t\t\t\t\t\t\t\t<h3 class=\"hfe-post-title\">\n\t\t\t\t\t\t<a href=\"https:\/\/blankh.com\/fr\/the-canvas\/benefits-writing-by-hand\/\" rel=\"bookmark\">\n\t\t\t\t\t\t\tDid You Know? Your Brain Remembers More When You Write by Hand.\u200b\t\t\t\t\t\t<\/a>\n\t\t\t\t\t<\/h3>\n\t\t\t\t\n\t\t\t\t\n\t\t\t\t\t\t\t\t\t<div class=\"hfe-post-excerpt\">\n\t\t\t\t\t\tVous avez d\u00e9j\u00e0 eu l'impression d'\u00eatre en r\u00e9union, de taper fr\u00e9n\u00e9tiquement sur votre clavier, et cinq minutes plus tard... d'avoir tout oubli\u00e9 ?\nCe n'est pas vous. C'est votre clavier.\nIl y a une vraie science derri\u00e8re \u00e7a...\t\t\t\t\t<\/div>\n\t\t\t\t\n\t\t\t\t\t\t\t\t\t<a href=\"https:\/\/blankh.com\/fr\/the-canvas\/benefits-writing-by-hand\/\" class=\"hfe-read-more\" rel=\"bookmark\">\n\t\t\t\t\t\tLire Plus \u2192\t\t\t\t\t<\/a>\n\t\t\t\t\t\t\t<\/div>\n\t\t<\/article>\n\t\t<\/div>\n\t\t\t\t<\/div>\n\t\t\t\t<\/div>\n\t\t\t\t\t<\/div>\n\t\t\t\t<\/div>\n\t\t\t\t<\/div>","protected":false},"excerpt":{"rendered":"<p>Did You Know? Your Brain Remembers More When You Write by Hand.\u200b Did You Know? Your Brain Remembers More When You Write by Hand. Ever been in a meeting, typing notes like crazy on your laptop, and five minutes later&#8230; you&#8217;ve forgotten everything? It&#8217;s not just you. It&#8217;s your keyboard. There&#8217;s real science behind this&#8230;. [&hellip;]<\/p>\n","protected":false},"author":2,"featured_media":0,"parent":0,"menu_order":0,"comment_status":"closed","ping_status":"closed","template":"","meta":{"_surecart_dashboard_logo_width":"180px","_surecart_dashboard_show_logo":true,"_surecart_dashboard_navigation_orders":true,"_surecart_dashboard_navigation_invoices":true,"_surecart_dashboard_navigation_subscriptions":true,"_surecart_dashboard_navigation_downloads":true,"_surecart_dashboard_navigation_billing":true,"_surecart_dashboard_navigation_account":true,"site-sidebar-layout":"no-sidebar","site-content-layout":"page-builder","ast-site-content-layout":"full-width-container","site-content-style":"default","site-sidebar-style":"default","ast-global-header-display":"","ast-banner-title-visibility":"","ast-main-header-display":"","ast-hfb-above-header-display":"","ast-hfb-below-header-display":"","ast-hfb-mobile-header-display":"","site-post-title":"","ast-breadcrumbs-content":"","ast-featured-img":"disabled","footer-sml-layout":"","ast-disable-related-posts":"","theme-transparent-header-meta":"","adv-header-id-meta":"","stick-header-meta":"","header-above-stick-meta":"","header-main-stick-meta":"","header-below-stick-meta":"","astra-migrate-meta-layouts":"set","ast-page-background-enabled":"default","ast-page-background-meta":{"desktop":{"background-color":"","background-image":"","background-repeat":"repeat","background-position":"center center","background-size":"auto","background-attachment":"scroll","background-type":"","background-media":"","overlay-type":"","overlay-color":"","overlay-opacity":"","overlay-gradient":""},"tablet":{"background-color":"","background-image":"","background-repeat":"repeat","background-position":"center center","background-size":"auto","background-attachment":"scroll","background-type":"","background-media":"","overlay-type":"","overlay-color":"","overlay-opacity":"","overlay-gradient":""},"mobile":{"background-color":"","background-image":"","background-repeat":"repeat","background-position":"center center","background-size":"auto","background-attachment":"scroll","background-type":"","background-media":"","overlay-type":"","overlay-color":"","overlay-opacity":"","overlay-gradient":""}},"ast-content-background-meta":{"desktop":{"background-color":"var(--ast-global-color-5)","background-image":"","background-repeat":"repeat","background-position":"center center","background-size":"auto","background-attachment":"scroll","background-type":"","background-media":"","overlay-type":"","overlay-color":"","overlay-opacity":"","overlay-gradient":""},"tablet":{"background-color":"var(--ast-global-color-5)","background-image":"","background-repeat":"repeat","background-position":"center center","background-size":"auto","background-attachment":"scroll","background-type":"","background-media":"","overlay-type":"","overlay-color":"","overlay-opacity":"","overlay-gradient":""},"mobile":{"background-color":"var(--ast-global-color-5)","background-image":"","background-repeat":"repeat","background-position":"center center","background-size":"auto","background-attachment":"scroll","background-type":"","background-media":"","overlay-type":"","overlay-color":"","overlay-opacity":"","overlay-gradient":""}},"_joinchat":[],"footnotes":""},"class_list":["post-5320","page","type-page","status-publish","hentry"],"jetpack_sharing_enabled":true,"_links":{"self":[{"href":"https:\/\/blankh.com\/fr\/wp-json\/wp\/v2\/pages\/5320","targetHints":{"allow":["GET"]}}],"collection":[{"href":"https:\/\/blankh.com\/fr\/wp-json\/wp\/v2\/pages"}],"about":[{"href":"https:\/\/blankh.com\/fr\/wp-json\/wp\/v2\/types\/page"}],"author":[{"embeddable":true,"href":"https:\/\/blankh.com\/fr\/wp-json\/wp\/v2\/users\/2"}],"replies":[{"embeddable":true,"href":"https:\/\/blankh.com\/fr\/wp-json\/wp\/v2\/comments?post=5320"}],"version-history":[{"count":31,"href":"https:\/\/blankh.com\/fr\/wp-json\/wp\/v2\/pages\/5320\/revisions"}],"predecessor-version":[{"id":5476,"href":"https:\/\/blankh.com\/fr\/wp-json\/wp\/v2\/pages\/5320\/revisions\/5476"}],"wp:attachment":[{"href":"https:\/\/blankh.com\/fr\/wp-json\/wp\/v2\/media?parent=5320"}],"curies":[{"name":"wp","href":"https:\/\/api.w.org\/{rel}","templated":true}]}}