{"id":4389,"date":"2025-09-28T18:33:58","date_gmt":"2025-09-28T18:33:58","guid":{"rendered":"https:\/\/blankh.com\/home\/"},"modified":"2026-01-24T23:05:27","modified_gmt":"2026-01-24T23:05:27","slug":"blankh","status":"publish","type":"page","link":"https:\/\/blankh.com\/fr\/","title":{"rendered":"Accueil"},"content":{"rendered":"<div data-elementor-type=\"wp-page\" data-elementor-id=\"4389\" class=\"elementor elementor-4389\">\n\t\t\t\t<div class=\"elementor-element elementor-element-aef5fd5 e-con-full e-flex e-con e-parent\" data-id=\"aef5fd5\" data-element_type=\"container\" data-e-type=\"container\" data-settings=\"{&quot;background_background&quot;:&quot;classic&quot;}\">\n\t\t\t\t<div class=\"elementor-element elementor-element-ab48634 elementor-widget-mobile__width-initial elementor-widget elementor-widget-image\" data-id=\"ab48634\" data-element_type=\"widget\" data-e-type=\"widget\" data-widget_type=\"image.default\">\n\t\t\t\t<div class=\"elementor-widget-container\">\n\t\t\t\t\t\t\t\t\t\t\t\t\t\t\t<img fetchpriority=\"high\" decoding=\"async\" width=\"2560\" height=\"1440\" src=\"https:\/\/blankh.com\/wp-content\/uploads\/2026\/01\/BLANKH_MAGICIAN_16x9_OK-scaled.webp\" class=\"attachment-full size-full wp-image-6065\" alt=\"\" srcset=\"https:\/\/blankh.com\/wp-content\/uploads\/2026\/01\/BLANKH_MAGICIAN_16x9_OK-scaled.webp 2560w, https:\/\/blankh.com\/wp-content\/uploads\/2026\/01\/BLANKH_MAGICIAN_16x9_OK-300x169.webp 300w, https:\/\/blankh.com\/wp-content\/uploads\/2026\/01\/BLANKH_MAGICIAN_16x9_OK-1024x576.webp 1024w, https:\/\/blankh.com\/wp-content\/uploads\/2026\/01\/BLANKH_MAGICIAN_16x9_OK-768x432.webp 768w, https:\/\/blankh.com\/wp-content\/uploads\/2026\/01\/BLANKH_MAGICIAN_16x9_OK-1536x864.webp 1536w, https:\/\/blankh.com\/wp-content\/uploads\/2026\/01\/BLANKH_MAGICIAN_16x9_OK-2048x1152.webp 2048w, https:\/\/blankh.com\/wp-content\/uploads\/2026\/01\/BLANKH_MAGICIAN_16x9_OK-18x10.webp 18w, https:\/\/blankh.com\/wp-content\/uploads\/2026\/01\/BLANKH_MAGICIAN_16x9_OK-1320x742.webp 1320w, https:\/\/blankh.com\/wp-content\/uploads\/2026\/01\/BLANKH_MAGICIAN_16x9_OK-600x337.webp 600w\" sizes=\"(max-width: 2560px) 100vw, 2560px\" \/>\t\t\t\t\t\t\t\t\t\t\t\t\t\t\t<\/div>\n\t\t\t\t<\/div>\n\t\t<div class=\"elementor-element elementor-element-9d70ab2 e-con-full e-flex e-con e-child\" data-id=\"9d70ab2\" data-element_type=\"container\" data-e-type=\"container\">\n\t\t\t\t<div class=\"elementor-element elementor-element-ae53cd4 elementor-widget-mobile__width-initial elementor-widget elementor-widget-heading\" data-id=\"ae53cd4\" data-element_type=\"widget\" data-e-type=\"widget\" data-widget_type=\"heading.default\">\n\t\t\t\t<div class=\"elementor-widget-container\">\n\t\t\t\t\t<h2 class=\"elementor-heading-title elementor-size-default translation-block\">Et si vous aviez le pouvoir d'effacer le pass\u00e9<br>\n<span style=\"color: #148C14\">pour redevenir une page blanche ?<\/span><\/h2>\t\t\t\t<\/div>\n\t\t\t\t<\/div>\n\t\t\t\t<div class=\"elementor-element elementor-element-058d76e elementor-align-center elementor-widget elementor-widget-button\" data-id=\"058d76e\" data-element_type=\"widget\" data-e-type=\"widget\" data-widget_type=\"button.default\">\n\t\t\t\t<div class=\"elementor-widget-container\">\n\t\t\t\t\t\t\t\t\t<div class=\"elementor-button-wrapper\">\n\t\t\t\t\t<a class=\"elementor-button elementor-button-link elementor-size-sm\" href=\"https:\/\/blankh.com\/product\/blankh-the-hybrid-notebook\/\">\n\t\t\t\t\t\t<span class=\"elementor-button-content-wrapper\">\n\t\t\t\t\t\t\t\t\t<span class=\"elementor-button-text\">D\u00e9couvrez<\/span>\n\t\t\t\t\t<\/span>\n\t\t\t\t\t<\/a>\n\t\t\t\t<\/div>\n\t\t\t\t\t\t\t\t<\/div>\n\t\t\t\t<\/div>\n\t\t\t\t<\/div>\n\t\t\t\t<\/div>\n\t\t<div class=\"elementor-element elementor-element-8857697 e-flex e-con-boxed e-con e-parent\" data-id=\"8857697\" data-element_type=\"container\" data-e-type=\"container\">\n\t\t\t\t\t<div class=\"e-con-inner\">\n\t\t<div class=\"elementor-element elementor-element-6945835 e-con-full e-flex e-con e-child\" data-id=\"6945835\" data-element_type=\"container\" data-e-type=\"container\">\n\t\t\t\t<div class=\"elementor-element elementor-element-66714a5 elementor-widget elementor-widget-image\" data-id=\"66714a5\" data-element_type=\"widget\" data-e-type=\"widget\" data-widget_type=\"image.default\">\n\t\t\t\t<div class=\"elementor-widget-container\">\n\t\t\t\t\t\t\t\t\t\t\t\t\t\t\t<img decoding=\"async\" width=\"1500\" height=\"1500\" src=\"https:\/\/blankh.com\/wp-content\/uploads\/2025\/11\/BLANKH_STORY.webp\" class=\"attachment-full size-full wp-image-5689\" alt=\"The BLANKH concept: bridging analog handwriting with a digital smartphone.\" srcset=\"https:\/\/blankh.com\/wp-content\/uploads\/2025\/11\/BLANKH_STORY.webp 1500w, https:\/\/blankh.com\/wp-content\/uploads\/2025\/11\/BLANKH_STORY-300x300.webp 300w, https:\/\/blankh.com\/wp-content\/uploads\/2025\/11\/BLANKH_STORY-1024x1024.webp 1024w, https:\/\/blankh.com\/wp-content\/uploads\/2025\/11\/BLANKH_STORY-150x150.webp 150w, https:\/\/blankh.com\/wp-content\/uploads\/2025\/11\/BLANKH_STORY-768x768.webp 768w, https:\/\/blankh.com\/wp-content\/uploads\/2025\/11\/BLANKH_STORY-1320x1320.webp 1320w, https:\/\/blankh.com\/wp-content\/uploads\/2025\/11\/BLANKH_STORY-600x600.webp 600w, https:\/\/blankh.com\/wp-content\/uploads\/2025\/11\/BLANKH_STORY-100x100.webp 100w\" sizes=\"(max-width: 1500px) 100vw, 1500px\" \/>\t\t\t\t\t\t\t\t\t\t\t\t\t\t\t<\/div>\n\t\t\t\t<\/div>\n\t\t\t\t<\/div>\n\t\t<div class=\"elementor-element elementor-element-7b0cb9e e-con-full e-flex e-con e-child\" data-id=\"7b0cb9e\" data-element_type=\"container\" data-e-type=\"container\" data-settings=\"{&quot;background_background&quot;:&quot;classic&quot;}\">\n\t\t\t\t<div class=\"elementor-element elementor-element-e3d4043 elementor-widget-tablet__width-initial elementor-widget elementor-widget-heading\" data-id=\"e3d4043\" data-element_type=\"widget\" data-e-type=\"widget\" data-widget_type=\"heading.default\">\n\t\t\t\t<div class=\"elementor-widget-container\">\n\t\t\t\t\t<h2 class=\"elementor-heading-title elementor-size-default\">L'\u00e2me du papier.<br>La puissance du Cloud.<\/h2>\t\t\t\t<\/div>\n\t\t\t\t<\/div>\n\t\t\t\t<div class=\"elementor-element elementor-element-eaaeb59 elementor-widget-mobile__width-initial elementor-widget__width-initial elementor-widget elementor-widget-text-editor\" data-id=\"eaaeb59\" data-element_type=\"widget\" data-e-type=\"widget\" data-widget_type=\"text-editor.default\">\n\t\t\t\t<div class=\"elementor-widget-container\">\n\t\t\t\t\t\t\t\t\t<p>BLANKH\u2122 en fait une r\u00e9alit\u00e9. Nous avons fusionn\u00e9 la sensation intemporelle de l'encre sur le papier de pierre avec la m\u00e9moire infinie du monde digital.<\/p><p>Capturez vos pens\u00e9es avec le focus de l'analogique, scannez-les instantan\u00e9ment vers vos appareils, et faites dispara\u00eetre vos erreurs pour toujours.<\/p><p>C'est bien plus qu'un carnet, c'est votre compagnon de vie pour un esprit libre et organis\u00e9.<\/p>\t\t\t\t\t\t\t\t<\/div>\n\t\t\t\t<\/div>\n\t\t<div class=\"elementor-element elementor-element-dcec449 e-con-full e-flex e-con e-child\" data-id=\"dcec449\" data-element_type=\"container\" data-e-type=\"container\">\n\t\t\t\t<div class=\"elementor-element elementor-element-83c70d8 elementor-align-right elementor-mobile-align-center elementor-tablet-align-left elementor-widget__width-auto elementor-widget-mobile__width-initial elementor-widget elementor-widget-button\" data-id=\"83c70d8\" data-element_type=\"widget\" data-e-type=\"widget\" data-widget_type=\"button.default\">\n\t\t\t\t<div class=\"elementor-widget-container\">\n\t\t\t\t\t\t\t\t\t<div class=\"elementor-button-wrapper\">\n\t\t\t\t\t<a class=\"elementor-button elementor-button-link elementor-size-sm\" href=\"https:\/\/blankh.com\/product\/blankh-the-hybrid-notebook\/\">\n\t\t\t\t\t\t<span class=\"elementor-button-content-wrapper\">\n\t\t\t\t\t\t\t\t\t<span class=\"elementor-button-text\">D\u00c9COUVRIR LE CARNET <\/span>\n\t\t\t\t\t<\/span>\n\t\t\t\t\t<\/a>\n\t\t\t\t<\/div>\n\t\t\t\t\t\t\t\t<\/div>\n\t\t\t\t<\/div>\n\t\t\t\t<\/div>\n\t\t\t\t<\/div>\n\t\t\t\t\t<\/div>\n\t\t\t\t<\/div>\n\t\t<div class=\"elementor-element elementor-element-fdc2df5 e-con-full e-flex e-con e-parent\" data-id=\"fdc2df5\" data-element_type=\"container\" data-e-type=\"container\">\n\t\t\t\t<div class=\"elementor-element elementor-element-613dc08 elementor-widget elementor-widget-image\" data-id=\"613dc08\" data-element_type=\"widget\" data-e-type=\"widget\" data-widget_type=\"image.default\">\n\t\t\t\t<div class=\"elementor-widget-container\">\n\t\t\t\t\t\t\t\t\t\t\t\t\t\t\t<img decoding=\"async\" width=\"1418\" height=\"567\" src=\"https:\/\/blankh.com\/wp-content\/uploads\/2026\/01\/BLANKH_TUTO_WEB-FR.webp\" class=\"attachment-full size-full wp-image-6099\" alt=\"\" srcset=\"https:\/\/blankh.com\/wp-content\/uploads\/2026\/01\/BLANKH_TUTO_WEB-FR.webp 1418w, https:\/\/blankh.com\/wp-content\/uploads\/2026\/01\/BLANKH_TUTO_WEB-FR-300x120.webp 300w, https:\/\/blankh.com\/wp-content\/uploads\/2026\/01\/BLANKH_TUTO_WEB-FR-1024x409.webp 1024w, https:\/\/blankh.com\/wp-content\/uploads\/2026\/01\/BLANKH_TUTO_WEB-FR-768x307.webp 768w, https:\/\/blankh.com\/wp-content\/uploads\/2026\/01\/BLANKH_TUTO_WEB-FR-18x7.webp 18w, https:\/\/blankh.com\/wp-content\/uploads\/2026\/01\/BLANKH_TUTO_WEB-FR-1320x528.webp 1320w, https:\/\/blankh.com\/wp-content\/uploads\/2026\/01\/BLANKH_TUTO_WEB-FR-600x240.webp 600w\" sizes=\"(max-width: 1418px) 100vw, 1418px\" \/>\t\t\t\t\t\t\t\t\t\t\t\t\t\t\t<\/div>\n\t\t\t\t<\/div>\n\t\t\t\t<\/div>\n\t\t\t\t<\/div>","protected":false},"excerpt":{"rendered":"<p>What if you held the power to erase everypast mistake and become a blank canvas? Discover The soul of paper.The power of the cloud. BLANKH\u2122 makes this reality. We have fused the timeless experience of ink on stone paper with the infinite memory of the digital world. Capture your thoughts with the focus of the [&hellip;]<\/p>\n","protected":false},"author":2,"featured_media":0,"parent":0,"menu_order":0,"comment_status":"closed","ping_status":"closed","template":"","meta":{"_surecart_dashboard_logo_width":"180px","_surecart_dashboard_show_logo":true,"_surecart_dashboard_navigation_orders":true,"_surecart_dashboard_navigation_invoices":true,"_surecart_dashboard_navigation_subscriptions":true,"_surecart_dashboard_navigation_downloads":true,"_surecart_dashboard_navigation_billing":true,"_surecart_dashboard_navigation_account":true,"site-sidebar-layout":"no-sidebar","site-content-layout":"page-builder","ast-site-content-layout":"full-width-container","site-content-style":"unboxed","site-sidebar-style":"unboxed","ast-global-header-display":"","ast-banner-title-visibility":"","ast-main-header-display":"","ast-hfb-above-header-display":"","ast-hfb-below-header-display":"","ast-hfb-mobile-header-display":"","site-post-title":"disabled","ast-breadcrumbs-content":"","ast-featured-img":"disabled","footer-sml-layout":"","ast-disable-related-posts":"","theme-transparent-header-meta":"enabled","adv-header-id-meta":"","stick-header-meta":"","header-above-stick-meta":"","header-main-stick-meta":"","header-below-stick-meta":"","astra-migrate-meta-layouts":"set","ast-page-background-enabled":"default","ast-page-background-meta":{"desktop":{"background-color":"","background-image":"","background-repeat":"repeat","background-position":"center center","background-size":"auto","background-attachment":"scroll","background-type":"","background-media":"","overlay-type":"","overlay-color":"","overlay-opacity":"","overlay-gradient":""},"tablet":{"background-color":"","background-image":"","background-repeat":"repeat","background-position":"center center","background-size":"auto","background-attachment":"scroll","background-type":"","background-media":"","overlay-type":"","overlay-color":"","overlay-opacity":"","overlay-gradient":""},"mobile":{"background-color":"","background-image":"","background-repeat":"repeat","background-position":"center center","background-size":"auto","background-attachment":"scroll","background-type":"","background-media":"","overlay-type":"","overlay-color":"","overlay-opacity":"","overlay-gradient":""}},"ast-content-background-meta":{"desktop":{"background-color":"var(--ast-global-color-5)","background-image":"","background-repeat":"repeat","background-position":"center center","background-size":"auto","background-attachment":"scroll","background-type":"","background-media":"","overlay-type":"","overlay-color":"","overlay-opacity":"","overlay-gradient":""},"tablet":{"background-color":"var(--ast-global-color-5)","background-image":"","background-repeat":"repeat","background-position":"center center","background-size":"auto","background-attachment":"scroll","background-type":"","background-media":"","overlay-type":"","overlay-color":"","overlay-opacity":"","overlay-gradient":""},"mobile":{"background-color":"var(--ast-global-color-5)","background-image":"","background-repeat":"repeat","background-position":"center center","background-size":"auto","background-attachment":"scroll","background-type":"","background-media":"","overlay-type":"","overlay-color":"","overlay-opacity":"","overlay-gradient":""}},"_joinchat":[],"footnotes":""},"class_list":["post-4389","page","type-page","status-publish","hentry"],"jetpack_sharing_enabled":true,"_links":{"self":[{"href":"https:\/\/blankh.com\/fr\/wp-json\/wp\/v2\/pages\/4389","targetHints":{"allow":["GET"]}}],"collection":[{"href":"https:\/\/blankh.com\/fr\/wp-json\/wp\/v2\/pages"}],"about":[{"href":"https:\/\/blankh.com\/fr\/wp-json\/wp\/v2\/types\/page"}],"author":[{"embeddable":true,"href":"https:\/\/blankh.com\/fr\/wp-json\/wp\/v2\/users\/2"}],"replies":[{"embeddable":true,"href":"https:\/\/blankh.com\/fr\/wp-json\/wp\/v2\/comments?post=4389"}],"version-history":[{"count":291,"href":"https:\/\/blankh.com\/fr\/wp-json\/wp\/v2\/pages\/4389\/revisions"}],"predecessor-version":[{"id":6102,"href":"https:\/\/blankh.com\/fr\/wp-json\/wp\/v2\/pages\/4389\/revisions\/6102"}],"wp:attachment":[{"href":"https:\/\/blankh.com\/fr\/wp-json\/wp\/v2\/media?parent=4389"}],"curies":[{"name":"wp","href":"https:\/\/api.w.org\/{rel}","templated":true}]}}