{"id":43,"date":"2025-09-28T18:33:58","date_gmt":"2025-09-28T18:33:58","guid":{"rendered":"https:\/\/blankh.com\/about\/"},"modified":"2025-11-26T14:34:29","modified_gmt":"2025-11-26T14:34:29","slug":"our-manifesto","status":"publish","type":"page","link":"https:\/\/blankh.com\/fr\/our-manifesto\/","title":{"rendered":"Notre Manifeste"},"content":{"rendered":"<div data-elementor-type=\"wp-post\" data-elementor-id=\"43\" class=\"elementor elementor-43\">\n\t\t\t\t<div class=\"elementor-element elementor-element-ec20408 e-flex e-con-boxed e-con e-parent\" data-id=\"ec20408\" data-element_type=\"container\" data-e-type=\"container\" data-settings=\"{&quot;background_background&quot;:&quot;classic&quot;}\">\n\t\t\t\t\t<div class=\"e-con-inner\">\n\t\t\t\t<div class=\"elementor-element elementor-element-afd22dc elementor-widget__width-inherit elementor-widget elementor-widget-heading\" data-id=\"afd22dc\" data-element_type=\"widget\" data-e-type=\"widget\" data-widget_type=\"heading.default\">\n\t\t\t\t<div class=\"elementor-widget-container\">\n\t\t\t\t\t<h1 class=\"elementor-heading-title elementor-size-default\">Notre Manifeste<\/h1>\t\t\t\t<\/div>\n\t\t\t\t<\/div>\n\t\t\t\t\t<\/div>\n\t\t\t\t<\/div>\n\t\t<div class=\"elementor-element elementor-element-d6f8f8d e-con-full e-flex e-con e-parent\" data-id=\"d6f8f8d\" data-element_type=\"container\" data-e-type=\"container\" data-settings=\"{&quot;background_background&quot;:&quot;classic&quot;}\">\n\t\t<div class=\"elementor-element elementor-element-5736607 e-flex e-con-boxed e-con e-child\" data-id=\"5736607\" data-element_type=\"container\" data-e-type=\"container\">\n\t\t\t\t\t<div class=\"e-con-inner\">\n\t\t\t\t<div class=\"elementor-element elementor-element-ca39e52 elementor-widget__width-initial elementor-widget elementor-widget-text-editor\" data-id=\"ca39e52\" data-element_type=\"widget\" data-e-type=\"widget\" data-widget_type=\"text-editor.default\">\n\t\t\t\t<div class=\"elementor-widget-container\">\n\t\t\t\t\t\t\t\t\t<p>Soyons honn\u00eates. Nos meilleures id\u00e9es naissent rarement sur un clavier.<\/p><p>Elles naissent dans les marges, sur des serviettes en papier, au dos d'un vieux cahier. Il y a une magie simple, un peu brouillonne dans le papier qu'un curseur ne pourra jamais remplacer.<\/p><p>Mais ensuite ? Cette magie reste <em>bloqu\u00e9e<\/em>.<\/p><p>Votre id\u00e9e de g\u00e9nie se retrouve pi\u00e9g\u00e9e \u00e0 la page 45 d'un carnet introuvable, alors que votre \"vie digitale\" dans le cloud n'en sait rien. On a tous connu \u00e7a.<\/p><p>Nous \u00e9tions fatigu\u00e9s de devoir choisir. Fatigu\u00e9s de sacrifier l'\u00e2me de l'analogique pour l'efficacit\u00e9 du digital. Fatigu\u00e9s des compromis.<\/p><p>Alors nous avons fait un choix : <strong>celui de ne pas choisir<\/strong>.<\/p><p>Nous avons d\u00e9cid\u00e9 de construire le pont.<\/p>\t\t\t\t\t\t\t\t<\/div>\n\t\t\t\t<\/div>\n\t\t\t\t<div class=\"elementor-element elementor-element-3f69a7d elementor-align-left elementor-mobile-align-left elementor-widget__width-initial elementor-widget elementor-widget-button\" data-id=\"3f69a7d\" data-element_type=\"widget\" data-e-type=\"widget\" data-widget_type=\"button.default\">\n\t\t\t\t<div class=\"elementor-widget-container\">\n\t\t\t\t\t\t\t\t\t<div class=\"elementor-button-wrapper\">\n\t\t\t\t\t<a class=\"elementor-button elementor-button-link elementor-size-sm\" href=\"https:\/\/blankh.com\/product\/blankh-the-hybrid-notebook\/\">\n\t\t\t\t\t\t<span class=\"elementor-button-content-wrapper\">\n\t\t\t\t\t\t\t\t\t<span class=\"elementor-button-text\">D\u00e9couvrir le Notebook<\/span>\n\t\t\t\t\t<\/span>\n\t\t\t\t\t<\/a>\n\t\t\t\t<\/div>\n\t\t\t\t\t\t\t\t<\/div>\n\t\t\t\t<\/div>\n\t\t\t\t\t<\/div>\n\t\t\t\t<\/div>\n\t\t<div class=\"elementor-element elementor-element-ab87b38 e-con-full e-flex e-con e-child\" data-id=\"ab87b38\" data-element_type=\"container\" data-e-type=\"container\">\n\t\t\t\t<div class=\"elementor-element elementor-element-f151a02 elementor-widget elementor-widget-image\" data-id=\"f151a02\" data-element_type=\"widget\" data-e-type=\"widget\" data-widget_type=\"image.default\">\n\t\t\t\t<div class=\"elementor-widget-container\">\n\t\t\t\t\t\t\t\t\t\t\t\t\t\t\t<img fetchpriority=\"high\" decoding=\"async\" width=\"1500\" height=\"1500\" src=\"https:\/\/blankh.com\/wp-content\/uploads\/2025\/11\/BLANKH_Manifesto_Teaser.webp\" class=\"attachment-full size-full wp-image-5732\" alt=\"\" srcset=\"https:\/\/blankh.com\/wp-content\/uploads\/2025\/11\/BLANKH_Manifesto_Teaser.webp 1500w, https:\/\/blankh.com\/wp-content\/uploads\/2025\/11\/BLANKH_Manifesto_Teaser-300x300.webp 300w, https:\/\/blankh.com\/wp-content\/uploads\/2025\/11\/BLANKH_Manifesto_Teaser-1024x1024.webp 1024w, https:\/\/blankh.com\/wp-content\/uploads\/2025\/11\/BLANKH_Manifesto_Teaser-150x150.webp 150w, https:\/\/blankh.com\/wp-content\/uploads\/2025\/11\/BLANKH_Manifesto_Teaser-768x768.webp 768w, https:\/\/blankh.com\/wp-content\/uploads\/2025\/11\/BLANKH_Manifesto_Teaser-12x12.webp 12w, https:\/\/blankh.com\/wp-content\/uploads\/2025\/11\/BLANKH_Manifesto_Teaser-1320x1320.webp 1320w, https:\/\/blankh.com\/wp-content\/uploads\/2025\/11\/BLANKH_Manifesto_Teaser-600x600.webp 600w, https:\/\/blankh.com\/wp-content\/uploads\/2025\/11\/BLANKH_Manifesto_Teaser-100x100.webp 100w\" sizes=\"(max-width: 1500px) 100vw, 1500px\" \/>\t\t\t\t\t\t\t\t\t\t\t\t\t\t\t<\/div>\n\t\t\t\t<\/div>\n\t\t\t\t<\/div>\n\t\t\t\t<\/div>\n\t\t<div class=\"elementor-element elementor-element-a33f76d e-flex e-con-boxed e-con e-parent\" data-id=\"a33f76d\" data-element_type=\"container\" data-e-type=\"container\">\n\t\t\t\t\t<div class=\"e-con-inner\">\n\t\t<div class=\"elementor-element elementor-element-3b5b881 e-con-full e-flex e-con e-child\" data-id=\"3b5b881\" data-element_type=\"container\" data-e-type=\"container\">\n\t\t\t\t<div class=\"elementor-element elementor-element-5596c30 elementor-widget__width-initial elementor-widget elementor-widget-image\" data-id=\"5596c30\" data-element_type=\"widget\" data-e-type=\"widget\" data-widget_type=\"image.default\">\n\t\t\t\t<div class=\"elementor-widget-container\">\n\t\t\t\t\t\t\t\t\t\t\t\t\t\t\t<img decoding=\"async\" width=\"1920\" height=\"1786\" src=\"https:\/\/blankh.com\/wp-content\/uploads\/2025\/11\/BLANKH_LOGO_RATIONALE_FR.webp\" class=\"attachment-full size-full wp-image-5775\" alt=\"\" srcset=\"https:\/\/blankh.com\/wp-content\/uploads\/2025\/11\/BLANKH_LOGO_RATIONALE_FR.webp 2000w, https:\/\/blankh.com\/wp-content\/uploads\/2025\/11\/BLANKH_LOGO_RATIONALE_FR-300x269.webp 300w, https:\/\/blankh.com\/wp-content\/uploads\/2025\/11\/BLANKH_LOGO_RATIONALE_FR-1024x917.webp 1024w, https:\/\/blankh.com\/wp-content\/uploads\/2025\/11\/BLANKH_LOGO_RATIONALE_FR-768x688.webp 768w, https:\/\/blankh.com\/wp-content\/uploads\/2025\/11\/BLANKH_LOGO_RATIONALE_FR-1536x1375.webp 1536w, https:\/\/blankh.com\/wp-content\/uploads\/2025\/11\/BLANKH_LOGO_RATIONALE_FR-13x12.webp 13w, https:\/\/blankh.com\/wp-content\/uploads\/2025\/11\/BLANKH_LOGO_RATIONALE_FR-1320x1182.webp 1320w, https:\/\/blankh.com\/wp-content\/uploads\/2025\/11\/BLANKH_LOGO_RATIONALE_FR-600x537.webp 600w\" sizes=\"(max-width: 1920px) 100vw, 1920px\" \/>\t\t\t\t\t\t\t\t\t\t\t\t\t\t\t<\/div>\n\t\t\t\t<\/div>\n\t\t\t\t<\/div>\n\t\t<div class=\"elementor-element elementor-element-e430ac2 e-con-full e-flex e-con e-child\" data-id=\"e430ac2\" data-element_type=\"container\" data-e-type=\"container\">\n\t\t\t\t<div class=\"elementor-element elementor-element-15b78e5 elementor-widget elementor-widget-heading\" data-id=\"15b78e5\" data-element_type=\"widget\" data-e-type=\"widget\" data-widget_type=\"heading.default\">\n\t\t\t\t<div class=\"elementor-widget-container\">\n\t\t\t\t\t<h2 class=\"elementor-heading-title elementor-size-default\">LE <span style=\"color: #148C14\">H<\/span> C'EST<br>POUR <span style=\"color: #148C14\">HYBRIDE<\/span><\/h2>\t\t\t\t<\/div>\n\t\t\t\t<\/div>\n\t\t\t\t<div class=\"elementor-element elementor-element-6564ad5 elementor-widget__width-initial elementor-widget elementor-widget-text-editor\" data-id=\"6564ad5\" data-element_type=\"widget\" data-e-type=\"widget\" data-widget_type=\"text-editor.default\">\n\t\t\t\t<div class=\"elementor-widget-container\">\n\t\t\t\t\t\t\t\t\t<p>Ce pont, nous l'avons b\u00e2ti au c\u0153ur m\u00eame de notre nom.<\/p><p>Le \"H\" de BLANKH\u2122 n'est pas juste une lettre. C'est toute notre philosophie, sculpt\u00e9e dans un symbole. C'est l'\u00e2me de notre marque.<\/p><p class=\" translation-block\"><strong>Regardez le haut :<\/strong> Des angles droits, nets, \u00e0 90 degr\u00e9s. C'est le monde <em>analogique :<\/em> la fra\u00eecheur d'une nouvelle page, la structure de vos pens\u00e9es, la sensation intemporelle de l'encre.<\/p><p class=\" translation-block\"><strong>Maintenant, regardez le bas :<\/strong> des courbes douces et arrondies. C'est le monde <em>digital<\/em> : le flux continu des id\u00e9es vers le Cloud, la forme organique de votre smartphone, la transition sans effort de la main \u00e0 l'\u00e9cran.<\/p><p><strong>Le H, c'est l'Hybride.<\/strong><br \/>C'est la fusion parfaite et intentionnelle de deux mondes. L'\u00e2me du papier, avec la puissance du Cloud.<\/p><p><strong>C'est le pont.<\/strong><\/p>\t\t\t\t\t\t\t\t<\/div>\n\t\t\t\t<\/div>\n\t\t\t\t<\/div>\n\t\t\t\t\t<\/div>\n\t\t\t\t<\/div>\n\t\t\t\t<\/div>","protected":false},"excerpt":{"rendered":"<p>Our Manifesto Let&#8217;s be honest. Our best ideas are almost never born on a keyboard. They\u2019re born in the margins, on napkins, and in the back of a notebook. There&#8217;s a simple, messy magic to paper that a cursor will never have. But then what? That magic gets stuck. Your brilliant idea is now trapped [&hellip;]<\/p>\n","protected":false},"author":2,"featured_media":0,"parent":0,"menu_order":0,"comment_status":"closed","ping_status":"closed","template":"","meta":{"_surecart_dashboard_logo_width":"180px","_surecart_dashboard_show_logo":true,"_surecart_dashboard_navigation_orders":true,"_surecart_dashboard_navigation_invoices":true,"_surecart_dashboard_navigation_subscriptions":true,"_surecart_dashboard_navigation_downloads":true,"_surecart_dashboard_navigation_billing":true,"_surecart_dashboard_navigation_account":true,"site-sidebar-layout":"no-sidebar","site-content-layout":"page-builder","ast-site-content-layout":"full-width-container","site-content-style":"unboxed","site-sidebar-style":"unboxed","ast-global-header-display":"","ast-banner-title-visibility":"","ast-main-header-display":"","ast-hfb-above-header-display":"","ast-hfb-below-header-display":"","ast-hfb-mobile-header-display":"","site-post-title":"disabled","ast-breadcrumbs-content":"","ast-featured-img":"disabled","footer-sml-layout":"","ast-disable-related-posts":"","theme-transparent-header-meta":"enabled","adv-header-id-meta":"","stick-header-meta":"","header-above-stick-meta":"","header-main-stick-meta":"","header-below-stick-meta":"","astra-migrate-meta-layouts":"set","ast-page-background-enabled":"default","ast-page-background-meta":{"desktop":{"background-color":"","background-image":"","background-repeat":"repeat","background-position":"center center","background-size":"auto","background-attachment":"scroll","background-type":"","background-media":"","overlay-type":"","overlay-color":"","overlay-opacity":"","overlay-gradient":""},"tablet":{"background-color":"","background-image":"","background-repeat":"repeat","background-position":"center center","background-size":"auto","background-attachment":"scroll","background-type":"","background-media":"","overlay-type":"","overlay-color":"","overlay-opacity":"","overlay-gradient":""},"mobile":{"background-color":"","background-image":"","background-repeat":"repeat","background-position":"center center","background-size":"auto","background-attachment":"scroll","background-type":"","background-media":"","overlay-type":"","overlay-color":"","overlay-opacity":"","overlay-gradient":""}},"ast-content-background-meta":{"desktop":{"background-color":"var(--ast-global-color-5)","background-image":"","background-repeat":"repeat","background-position":"center center","background-size":"auto","background-attachment":"scroll","background-type":"","background-media":"","overlay-type":"","overlay-color":"","overlay-opacity":"","overlay-gradient":""},"tablet":{"background-color":"var(--ast-global-color-5)","background-image":"","background-repeat":"repeat","background-position":"center center","background-size":"auto","background-attachment":"scroll","background-type":"","background-media":"","overlay-type":"","overlay-color":"","overlay-opacity":"","overlay-gradient":""},"mobile":{"background-color":"var(--ast-global-color-5)","background-image":"","background-repeat":"repeat","background-position":"center center","background-size":"auto","background-attachment":"scroll","background-type":"","background-media":"","overlay-type":"","overlay-color":"","overlay-opacity":"","overlay-gradient":""}},"_joinchat":[],"footnotes":""},"class_list":["post-43","page","type-page","status-publish","hentry"],"jetpack_sharing_enabled":true,"_links":{"self":[{"href":"https:\/\/blankh.com\/fr\/wp-json\/wp\/v2\/pages\/43","targetHints":{"allow":["GET"]}}],"collection":[{"href":"https:\/\/blankh.com\/fr\/wp-json\/wp\/v2\/pages"}],"about":[{"href":"https:\/\/blankh.com\/fr\/wp-json\/wp\/v2\/types\/page"}],"author":[{"embeddable":true,"href":"https:\/\/blankh.com\/fr\/wp-json\/wp\/v2\/users\/2"}],"replies":[{"embeddable":true,"href":"https:\/\/blankh.com\/fr\/wp-json\/wp\/v2\/comments?post=43"}],"version-history":[{"count":145,"href":"https:\/\/blankh.com\/fr\/wp-json\/wp\/v2\/pages\/43\/revisions"}],"predecessor-version":[{"id":5966,"href":"https:\/\/blankh.com\/fr\/wp-json\/wp\/v2\/pages\/43\/revisions\/5966"}],"wp:attachment":[{"href":"https:\/\/blankh.com\/fr\/wp-json\/wp\/v2\/media?parent=43"}],"curies":[{"name":"wp","href":"https:\/\/api.w.org\/{rel}","templated":true}]}}